{"id":1855,"date":"2025-04-30T06:28:52","date_gmt":"2025-04-30T06:28:52","guid":{"rendered":"https:\/\/radiustheme.net\/themes\/sbmart\/cart\/"},"modified":"2026-03-23T13:53:31","modified_gmt":"2026-03-23T13:53:31","slug":"cart","status":"publish","type":"page","link":"https:\/\/www.elitediscount.fr\/?page_id=1855","title":{"rendered":"Cart"},"content":{"rendered":"\n<div data-block-name=\"woocommerce\/cart\" class=\"wp-block-woocommerce-cart alignwide is-loading\">\n<div data-block-name=\"woocommerce\/filled-cart-block\" class=\"wp-block-woocommerce-filled-cart-block\">\n<div data-block-name=\"woocommerce\/cart-items-block\" class=\"wp-block-woocommerce-cart-items-block\">\n<div data-block-name=\"woocommerce\/cart-line-items-block\" class=\"wp-block-woocommerce-cart-line-items-block\"><\/div>\n\n\n\n<div data-block-name=\"woocommerce\/cart-cross-sells-block\" class=\"wp-block-woocommerce-cart-cross-sells-block\">\n<h2 class=\"wp-block-heading has-large-font-size\">You may be interested in\u2026<\/h2>\n\n\n\n<div data-block-name=\"woocommerce\/cart-cross-sells-products-block\" class=\"wp-block-woocommerce-cart-cross-sells-products-block\"><\/div>\n<\/div>\n<\/div>\n\n\n\n<div data-block-name=\"woocommerce\/cart-totals-block\" class=\"wp-block-woocommerce-cart-totals-block\">\n<div data-block-name=\"woocommerce\/cart-order-summary-block\" class=\"wp-block-woocommerce-cart-order-summary-block\">\n<div data-block-name=\"woocommerce\/cart-order-summary-heading-block\" class=\"wp-block-woocommerce-cart-order-summary-heading-block\"><\/div><div data-block-name=\"woocommerce\/cart-order-summary-coupon-form-block\" class=\"wp-block-woocommerce-cart-order-summary-coupon-form-block\"><\/div><div data-block-name=\"woocommerce\/cart-order-summary-totals-block\" class=\"wp-block-woocommerce-cart-order-summary-totals-block\">\n<div data-block-name=\"woocommerce\/cart-order-summary-subtotal-block\" class=\"wp-block-woocommerce-cart-order-summary-subtotal-block\"><\/div>\n<div data-block-name=\"woocommerce\/cart-order-summary-discount-block\" class=\"wp-block-woocommerce-cart-order-summary-discount-block\"><\/div>\n<div data-block-name=\"woocommerce\/cart-order-summary-fee-block\" class=\"wp-block-woocommerce-cart-order-summary-fee-block\"><\/div>\n<div data-block-name=\"woocommerce\/cart-order-summary-shipping-block\" class=\"wp-block-woocommerce-cart-order-summary-shipping-block\"><\/div>\n<div data-block-name=\"woocommerce\/cart-order-summary-taxes-block\" class=\"wp-block-woocommerce-cart-order-summary-taxes-block\"><\/div><\/div>\n<\/div>\n\n\n\n<div data-block-name=\"woocommerce-paypal-payments\/cart-paylater-messages\" data-pp-placement=\"cart\" data-pp-style-layout=\"text\" data-pp-style-logo-position=\"\" data-pp-style-logo-type=\"\" data-pp-style-text-color=\"\" data-pp-style-text-size=\"\" id=\"ppcp-cart-paylater-messages\" class=\"ppcp-messages\" data-partner-attribution-id=\"WooPPCP_Ecom_PS_CoreProfiler\"><\/div><div data-block-name=\"woocommerce\/cart-express-payment-block\" class=\"wp-block-woocommerce-cart-express-payment-block\"><\/div>\n\n\n\n<div data-block-name=\"woocommerce\/proceed-to-checkout-block\" class=\"wp-block-woocommerce-proceed-to-checkout-block\"><\/div>\n<div id=\"ppcp-recaptcha-v2-container\" style=\"margin:20px 0;\"><\/div>\n\n\n<div data-block-name=\"woocommerce\/cart-accepted-payment-methods-block\" class=\"wp-block-woocommerce-cart-accepted-payment-methods-block\"><\/div>\n<\/div>\n<\/div>\n\n\n\n<div data-block-name=\"woocommerce\/empty-cart-block\" class=\"wp-block-woocommerce-empty-cart-block\">\n<h2 class=\"wp-block-heading has-text-align-center with-empty-cart-icon wc-block-cart__empty-cart__title\">Your cart is currently empty!<\/h2>\n\n\n\n<hr class=\"wp-block-separator has-alpha-channel-opacity is-style-dots\"\/>\n\n\n\n<h2 class=\"wp-block-heading has-text-align-center\">New in store<\/h2>\n\n\n<div data-block-name=\"woocommerce\/product-new\" data-columns=\"4\" data-rows=\"1\" class=\"wc-block-grid wp-block-product-new wp-block-woocommerce-product-new wc-block-product-new has-4-columns\"><ul class=\"wc-block-grid__products\"><li class=\"wc-block-grid__product add-to-wishlist-after_add_to_cart\"><a href=\"https:\/\/www.elitediscount.fr\/?product=pc-portable-hp-elitebook-650-g10-avec-32-go-de-ram-et-1-to-de-stockage-ssd\" class=\"wc-block-grid__product-link\">\n\t\t\t\t\t\n\t\t\t\t\t<div class=\"wc-block-grid__product-image\"><img fetchpriority=\"high\" decoding=\"async\" width=\"300\" height=\"300\" src=\"https:\/\/www.elitediscount.fr\/wp-content\/uploads\/2026\/02\/g10-1-300x300.jpg\" class=\"attachment-woocommerce_thumbnail size-woocommerce_thumbnail wp-post-image\" alt=\"PC portable HP EliteBook 650 G10 avec 32 Go de RAM et 1 To de stockage SSD.\" srcset=\"https:\/\/www.elitediscount.fr\/wp-content\/uploads\/2026\/02\/g10-1-300x300.jpg 300w, https:\/\/www.elitediscount.fr\/wp-content\/uploads\/2026\/02\/g10-1-150x150.jpg 150w, https:\/\/www.elitediscount.fr\/wp-content\/uploads\/2026\/02\/g10-1-100x100.jpg 100w\" sizes=\"(max-width: 300px) 100vw, 300px\" \/><\/div>\n\t\t\t\t\t<div class=\"wc-block-grid__product-title\">PC portable HP EliteBook 650 G10 avec 32 Go de RAM et 1 To de stockage SSD.<\/div>\n\t\t\t\t<\/a>\n\t\t\t\t<div class=\"wc-block-grid__product-price price\"><span class=\"woocommerce-Price-amount amount\">499.00&nbsp;<span class=\"woocommerce-Price-currencySymbol\">&euro;<\/span><\/span><\/div>\n\t\t\t\t\n\t\t\t\t<div class=\"wp-block-button wc-block-grid__product-add-to-cart\"><a href=\"https:\/\/www.elitediscount.fr\/?add-to-cart=2025\" aria-label=\"Add to cart: &ldquo;PC portable HP EliteBook 650 G10 avec 32 Go de RAM et 1 To de stockage SSD.&rdquo;\" data-quantity=\"1\" data-product_id=\"2025\" data-product_sku=\"\" data-price=\"499\" rel=\"nofollow\" class=\"wp-block-button__link  add_to_cart_button ajax_add_to_cart\">Add to cart<\/a><\/div>\n\t\t\t\n<a class=\"rtsb-wishlist-btn tipsy rtsb-wishlist-add\" rel=\"nofollow\"\n   data-product_id=\"2025\"\n   title=\"Add to Wishlist\"\n   data-title=\"Add to Wishlist\"\n   data-original-product_id=\"2025\"\n   href=\"#\" aria-label=\"Wishlist\">\n\n\t<span class=\"icon\">\n\t\t\t\t<i class=\"rtsb-icon rtsb-icon-heart-empty\"><\/i>\t\t\t<\/span>\n\t\t\t<span class=\"button-text\">\n\t\t\tAdd to Wishlist\t\t<\/span>\n\t\t<\/a>\n<\/li><li class=\"wc-block-grid__product add-to-wishlist-after_add_to_cart\"><a href=\"https:\/\/www.elitediscount.fr\/?product=pc-portable-hp-elitebook-840-g8-avec-processeur-intel-core-i5-de-11e-generation-et-16-go-de-ram\" class=\"wc-block-grid__product-link\">\n\t\t\t\t\t\n\t\t\t\t\t<div class=\"wc-block-grid__product-image\"><img decoding=\"async\" width=\"300\" height=\"300\" src=\"https:\/\/www.elitediscount.fr\/wp-content\/uploads\/2026\/02\/g8-1-300x300.jpg\" class=\"attachment-woocommerce_thumbnail size-woocommerce_thumbnail wp-post-image\" alt=\"PC portable HP Elitebook 840 G8 avec processeur Intel Core i5 de 11e g\u00e9n\u00e9ration et 16 Go de RAM.\" srcset=\"https:\/\/www.elitediscount.fr\/wp-content\/uploads\/2026\/02\/g8-1-300x300.jpg 300w, https:\/\/www.elitediscount.fr\/wp-content\/uploads\/2026\/02\/g8-1-150x150.jpg 150w, https:\/\/www.elitediscount.fr\/wp-content\/uploads\/2026\/02\/g8-1-100x100.jpg 100w\" sizes=\"(max-width: 300px) 100vw, 300px\" \/><\/div>\n\t\t\t\t\t<div class=\"wc-block-grid__product-title\">PC portable HP Elitebook 840 G8 avec processeur Intel Core i5 de 11e g\u00e9n\u00e9ration et 16 Go de RAM.<\/div>\n\t\t\t\t<\/a>\n\t\t\t\t<div class=\"wc-block-grid__product-price price\"><span class=\"woocommerce-Price-amount amount\">299.00&nbsp;<span class=\"woocommerce-Price-currencySymbol\">&euro;<\/span><\/span><\/div>\n\t\t\t\t\n\t\t\t\t<div class=\"wp-block-button wc-block-grid__product-add-to-cart\"><a href=\"https:\/\/www.elitediscount.fr\/?add-to-cart=2019\" aria-label=\"Add to cart: &ldquo;PC portable HP Elitebook 840 G8 avec processeur Intel Core i5 de 11e g\u00e9n\u00e9ration et 16 Go de RAM.&rdquo;\" data-quantity=\"1\" data-product_id=\"2019\" data-product_sku=\"\" data-price=\"299\" rel=\"nofollow\" class=\"wp-block-button__link  add_to_cart_button ajax_add_to_cart\">Add to cart<\/a><\/div>\n\t\t\t\n<a class=\"rtsb-wishlist-btn tipsy rtsb-wishlist-add\" rel=\"nofollow\"\n   data-product_id=\"2025\"\n   title=\"Add to Wishlist\"\n   data-title=\"Add to Wishlist\"\n   data-original-product_id=\"2025\"\n   href=\"#\" aria-label=\"Wishlist\">\n\n\t<span class=\"icon\">\n\t\t\t\t<i class=\"rtsb-icon rtsb-icon-heart-empty\"><\/i>\t\t\t<\/span>\n\t\t\t<span class=\"button-text\">\n\t\t\tAdd to Wishlist\t\t<\/span>\n\t\t<\/a>\n<\/li><li class=\"wc-block-grid__product add-to-wishlist-after_add_to_cart\"><a href=\"https:\/\/www.elitediscount.fr\/?product=lenovo-thinkpad-x13-gen-3-avec-processeur-intel-core-i5-de-11e-generation\" class=\"wc-block-grid__product-link\">\n\t\t\t\t\t\n\t\t\t\t\t<div class=\"wc-block-grid__product-image\"><img decoding=\"async\" width=\"300\" height=\"300\" src=\"https:\/\/www.elitediscount.fr\/wp-content\/uploads\/2026\/02\/l1-300x300.jpg\" class=\"attachment-woocommerce_thumbnail size-woocommerce_thumbnail wp-post-image\" alt=\"Lenovo ThinkPad X13 Gen 3 avec processeur Intel Core i5 de 11e g\u00e9n\u00e9ration\" srcset=\"https:\/\/www.elitediscount.fr\/wp-content\/uploads\/2026\/02\/l1-300x300.jpg 300w, https:\/\/www.elitediscount.fr\/wp-content\/uploads\/2026\/02\/l1-150x150.jpg 150w, https:\/\/www.elitediscount.fr\/wp-content\/uploads\/2026\/02\/l1-100x100.jpg 100w\" sizes=\"(max-width: 300px) 100vw, 300px\" \/><\/div>\n\t\t\t\t\t<div class=\"wc-block-grid__product-title\">Lenovo ThinkPad X13 Gen 3 avec processeur Intel Core i5 de 11e g\u00e9n\u00e9ration<\/div>\n\t\t\t\t<\/a>\n\t\t\t\t<div class=\"wc-block-grid__product-price price\"><span class=\"woocommerce-Price-amount amount\">350.00&nbsp;<span class=\"woocommerce-Price-currencySymbol\">&euro;<\/span><\/span><\/div>\n\t\t\t\t\n\t\t\t\t<div class=\"wp-block-button wc-block-grid__product-add-to-cart\"><a href=\"https:\/\/www.elitediscount.fr\/?add-to-cart=2012\" aria-label=\"Add to cart: &ldquo;Lenovo ThinkPad X13 Gen 3 avec processeur Intel Core i5 de 11e g\u00e9n\u00e9ration&rdquo;\" data-quantity=\"1\" data-product_id=\"2012\" data-product_sku=\"\" data-price=\"350\" rel=\"nofollow\" class=\"wp-block-button__link  add_to_cart_button ajax_add_to_cart\">Add to cart<\/a><\/div>\n\t\t\t\n<a class=\"rtsb-wishlist-btn tipsy rtsb-wishlist-add\" rel=\"nofollow\"\n   data-product_id=\"2025\"\n   title=\"Add to Wishlist\"\n   data-title=\"Add to Wishlist\"\n   data-original-product_id=\"2025\"\n   href=\"#\" aria-label=\"Wishlist\">\n\n\t<span class=\"icon\">\n\t\t\t\t<i class=\"rtsb-icon rtsb-icon-heart-empty\"><\/i>\t\t\t<\/span>\n\t\t\t<span class=\"button-text\">\n\t\t\tAdd to Wishlist\t\t<\/span>\n\t\t<\/a>\n<\/li><li class=\"wc-block-grid__product add-to-wishlist-after_add_to_cart\"><a href=\"https:\/\/www.elitediscount.fr\/?product=pc-portable-dell-latitude-7320-avec-un-ecran-133-pouces-full-hd-un-processeur-intel-core-i7-de-11e-generation-16-go-de-ram-et-un-ssd-de-512-go\" class=\"wc-block-grid__product-link\">\n\t\t\t\t\t\n\t\t\t\t\t<div class=\"wc-block-grid__product-image\"><img loading=\"lazy\" decoding=\"async\" width=\"300\" height=\"300\" src=\"https:\/\/www.elitediscount.fr\/wp-content\/uploads\/2026\/02\/del1-300x300.jpg\" class=\"attachment-woocommerce_thumbnail size-woocommerce_thumbnail wp-post-image\" alt=\"PC portable Dell Latitude 7320 avec un \u00e9cran 13,3 pouces Full HD, un processeur Intel Core i7 de 11e g\u00e9n\u00e9ration, 16 Go de RAM et un SSD de 512 Go\" srcset=\"https:\/\/www.elitediscount.fr\/wp-content\/uploads\/2026\/02\/del1-300x300.jpg 300w, https:\/\/www.elitediscount.fr\/wp-content\/uploads\/2026\/02\/del1-150x150.jpg 150w, https:\/\/www.elitediscount.fr\/wp-content\/uploads\/2026\/02\/del1-100x100.jpg 100w, https:\/\/www.elitediscount.fr\/wp-content\/uploads\/2026\/02\/del1.jpg 590w\" sizes=\"(max-width: 300px) 100vw, 300px\" \/><\/div>\n\t\t\t\t\t<div class=\"wc-block-grid__product-title\">PC portable Dell Latitude 7320 avec un \u00e9cran 13,3 pouces Full HD, un processeur Intel Core i7 de 11e g\u00e9n\u00e9ration, 16 Go de RAM et un SSD de 512 Go<\/div>\n\t\t\t\t<\/a>\n\t\t\t\t<div class=\"wc-block-grid__product-price price\"><span class=\"woocommerce-Price-amount amount\">399.00&nbsp;<span class=\"woocommerce-Price-currencySymbol\">&euro;<\/span><\/span><\/div>\n\t\t\t\t\n\t\t\t\t<div class=\"wp-block-button wc-block-grid__product-add-to-cart\"><a href=\"https:\/\/www.elitediscount.fr\/?add-to-cart=2006\" aria-label=\"Add to cart: &ldquo;PC portable Dell Latitude 7320 avec un \u00e9cran 13,3 pouces Full HD, un processeur Intel Core i7 de 11e g\u00e9n\u00e9ration, 16 Go de RAM et un SSD de 512 Go&rdquo;\" data-quantity=\"1\" data-product_id=\"2006\" data-product_sku=\"G-1201-1-1\" data-price=\"399\" rel=\"nofollow\" class=\"wp-block-button__link  add_to_cart_button ajax_add_to_cart\">Add to cart<\/a><\/div>\n\t\t\t\n<a class=\"rtsb-wishlist-btn tipsy rtsb-wishlist-add\" rel=\"nofollow\"\n   data-product_id=\"2025\"\n   title=\"Add to Wishlist\"\n   data-title=\"Add to Wishlist\"\n   data-original-product_id=\"2025\"\n   href=\"#\" aria-label=\"Wishlist\">\n\n\t<span class=\"icon\">\n\t\t\t\t<i class=\"rtsb-icon rtsb-icon-heart-empty\"><\/i>\t\t\t<\/span>\n\t\t\t<span class=\"button-text\">\n\t\t\tAdd to Wishlist\t\t<\/span>\n\t\t<\/a>\n<\/li><\/ul><\/div><\/div>\n<\/div>\n","protected":false},"excerpt":{"rendered":"","protected":false},"author":1,"featured_media":0,"parent":0,"menu_order":0,"comment_status":"closed","ping_status":"closed","template":"","meta":{"footnotes":""},"class_list":["post-1855","page","type-page","status-publish","hentry"],"_links":{"self":[{"href":"https:\/\/www.elitediscount.fr\/index.php?rest_route=\/wp\/v2\/pages\/1855","targetHints":{"allow":["GET"]}}],"collection":[{"href":"https:\/\/www.elitediscount.fr\/index.php?rest_route=\/wp\/v2\/pages"}],"about":[{"href":"https:\/\/www.elitediscount.fr\/index.php?rest_route=\/wp\/v2\/types\/page"}],"author":[{"embeddable":true,"href":"https:\/\/www.elitediscount.fr\/index.php?rest_route=\/wp\/v2\/users\/1"}],"replies":[{"embeddable":true,"href":"https:\/\/www.elitediscount.fr\/index.php?rest_route=%2Fwp%2Fv2%2Fcomments&post=1855"}],"version-history":[{"count":1,"href":"https:\/\/www.elitediscount.fr\/index.php?rest_route=\/wp\/v2\/pages\/1855\/revisions"}],"predecessor-version":[{"id":1934,"href":"https:\/\/www.elitediscount.fr\/index.php?rest_route=\/wp\/v2\/pages\/1855\/revisions\/1934"}],"wp:attachment":[{"href":"https:\/\/www.elitediscount.fr\/index.php?rest_route=%2Fwp%2Fv2%2Fmedia&parent=1855"}],"curies":[{"name":"wp","href":"https:\/\/api.w.org\/{rel}","templated":true}]}}